{"id":80,"date":"2025-11-12T10:32:10","date_gmt":"2025-11-12T09:32:10","guid":{"rendered":"https:\/\/ihansik.cz\/voucher\/"},"modified":"2026-04-10T10:36:29","modified_gmt":"2026-04-10T08:36:29","slug":"voucher","status":"publish","type":"page","link":"https:\/\/ihansik.cz\/en\/voucher\/","title":{"rendered":"Voucher"},"content":{"rendered":"<div class=\"wpb-content-wrapper\"><p>[vc_row css=&#8221;.vc_custom_1762961145899{margin-top: 60px !important;margin-bottom: 40px !important;}&#8221;][vc_column][vc_custom_heading text=&#8221;Vouchers&#8221; font_container=&#8221;tag:h1|text_align:center&#8221; use_theme_fonts=&#8221;yes&#8221; css=&#8221;.vc_custom_1763988686703{margin-bottom: -20px !important;}&#8221;][vc_raw_html css=&#8221;&#8221;]PGRpdiBkYXRhLVNpbXBsZVNob3BGb3JtPSJwUEtreiI+PGRpdj48L2Rpdj48L2Rpdj48YnI+PHNjcmlwdD4NCiAoZnVuY3Rpb24oaSwgcywgbywgZywgciwgYSwgbSl7DQogIGlbcl0gPSBpW3JdIHx8IGZ1bmN0aW9uKCl7DQogICAoaVtyXS5xID0gaVtyXS5xIHx8IFtdKS5wdXNoKGFyZ3VtZW50cykNCiAgfSwgaVtyXS5sID0gMSAqIG5ldyBEYXRlKCk7DQogIGEgPSBzLmNyZWF0ZUVsZW1lbnQobyksDQogIG0gPSBzLmdldEVsZW1lbnRzQnlUYWdOYW1lKG8pWzBdOw0KICBhLmFzeW5jID0gMTsNCiAgYS5zcmMgPSBnOw0KICBtLnBhcmVudE5vZGUuaW5zZXJ0QmVmb3JlKGEsIG0pDQogfSkod2luZG93LCBkb2N1bWVudCwgInNjcmlwdCIsICJodHRwczovL2Zvcm0uc2ltcGxlc2hvcC5jei9wcmovanMvU2ltcGxlU2hvcFNlcnZpY2UuanMiLCAic3NzIik7DQogc3NzKCJjcmVhdGVGb3JtIiwgInBQS2t6Iik7DQo8L3NjcmlwdD4=[\/vc_raw_html][\/vc_column][\/vc_row]<\/p>\n<\/div>","protected":false},"excerpt":{"rendered":"<p>[vc_row css=&#8221;.vc_custom_1762961145899{margin-top: 60px !important;margin-bottom: 40px !important;}&#8221;][vc_column][vc_custom_heading text=&#8221;Vouchers&#8221; font_container=&#8221;tag:h1|text_align:center&#8221; use_theme_fonts=&#8221;yes&#8221; css=&#8221;.vc_custom_1763988686703{margin-bottom: -20px !important;}&#8221;][vc_raw_html css=&#8221;&#8221;]PGRpdiBkYXRhLVNpbXBsZVNob3BGb3JtPSJwUEtreiI+PGRpdj48L2Rpdj48L2Rpdj48YnI+PHNjcmlwdD4NCiAoZnVuY3Rpb24oaSwgcywgbywgZywgciwgYSwgbSl7DQogIGlbcl0gPSBpW3JdIHx8IGZ1bmN0aW9uKCl7DQogICAoaVtyXS5xID0gaVtyXS5xIHx8IFtdKS5wdXNoKGFyZ3VtZW50cykNCiAgfSwgaVtyXS5sID0gMSAqIG5ldyBEYXRlKCk7DQogIGEgPSBzLmNyZWF0ZUVsZW1lbnQobyksDQogIG0gPSBzLmdldEVsZW1lbnRzQnlUYWdOYW1lKG8pWzBdOw0KICBhLmFzeW5jID0gMTsNCiAgYS5zcmMgPSBnOw0KICBtLnBhcmVudE5vZGUuaW5zZXJ0QmVmb3JlKGEsIG0pDQogfSkod2luZG93LCBkb2N1bWVudCwgInNjcmlwdCIsICJodHRwczovL2Zvcm0uc2ltcGxlc2hvcC5jei9wcmovanMvU2ltcGxlU2hvcFNlcnZpY2UuanMiLCAic3NzIik7DQogc3NzKCJjcmVhdGVGb3JtIiwgInBQS2t6Iik7DQo8L3NjcmlwdD4=[\/vc_raw_html][\/vc_column][\/vc_row]<\/p>\n","protected":false},"author":1,"featured_media":131,"parent":0,"menu_order":0,"comment_status":"closed","ping_status":"closed","template":"","meta":{"footnotes":""},"class_list":["post-80","page","type-page","status-publish","has-post-thumbnail","hentry"],"yoast_head":"<!-- This site is optimized with the Yoast SEO plugin v27.5 - https:\/\/yoast.com\/product\/yoast-seo-wordpress\/ -->\n<title>D\u00e1rkov\u00fd poukaz do restaurace Praha | Korejsk\u00fd Hansik voucher<\/title>\n<meta name=\"description\" content=\"D\u00e1rkov\u00fd poukaz do korejsk\u00e9 restaurace Hansik v Praze s platnost\u00ed 12 m\u011bs\u00edc\u016f ... Voucher do restaurace Praha pro p\u00e1ry, rodinu i firemn\u00ed partnery ... Snadn\u00e9 darov\u00e1n\u00ed i rezervace, autentick\u00fd z\u00e1\u017eitek Korean BBQ.\" \/>\n<meta name=\"robots\" content=\"index, follow, max-snippet:-1, max-image-preview:large, max-video-preview:-1\" \/>\n<link rel=\"canonical\" href=\"https:\/\/ihansik.cz\/en\/voucher\/\" \/>\n<meta property=\"og:locale\" content=\"en_US\" \/>\n<meta property=\"og:type\" content=\"article\" \/>\n<meta property=\"og:title\" content=\"D\u00e1rkov\u00fd poukaz do restaurace Praha | Korejsk\u00fd Hansik voucher\" \/>\n<meta property=\"og:description\" content=\"D\u00e1rkov\u00fd poukaz do korejsk\u00e9 restaurace Hansik v Praze s platnost\u00ed 12 m\u011bs\u00edc\u016f ... Voucher do restaurace Praha pro p\u00e1ry, rodinu i firemn\u00ed partnery ... Snadn\u00e9 darov\u00e1n\u00ed i rezervace, autentick\u00fd z\u00e1\u017eitek Korean BBQ.\" \/>\n<meta property=\"og:url\" content=\"https:\/\/ihansik.cz\/en\/voucher\/\" \/>\n<meta property=\"og:site_name\" content=\"han.sik\" \/>\n<meta property=\"article:modified_time\" content=\"2026-04-10T08:36:29+00:00\" \/>\n<meta property=\"og:image\" content=\"https:\/\/ihansik.cz\/wp-content\/uploads\/2025\/11\/hansik-restaurant-10.jpg\" \/>\n\t<meta property=\"og:image:width\" content=\"1920\" \/>\n\t<meta property=\"og:image:height\" content=\"1280\" \/>\n\t<meta property=\"og:image:type\" content=\"image\/jpeg\" \/>\n<meta name=\"twitter:card\" content=\"summary_large_image\" \/>\n<meta name=\"twitter:title\" content=\"D\u00e1rkov\u00fd poukaz do restaurace Praha | Korejsk\u00fd Hansik voucher\" \/>\n<meta name=\"twitter:description\" content=\"D\u00e1rkov\u00fd poukaz do korejsk\u00e9 restaurace Hansik v Praze s platnost\u00ed 12 m\u011bs\u00edc\u016f ... Voucher do restaurace Praha pro p\u00e1ry, rodinu i firemn\u00ed partnery ... Snadn\u00e9 darov\u00e1n\u00ed i rezervace, autentick\u00fd z\u00e1\u017eitek Korean BBQ.\" \/>\n<meta name=\"twitter:label1\" content=\"Est. reading time\" \/>\n\t<meta name=\"twitter:data1\" content=\"1 minute\" \/>\n<script type=\"application\/ld+json\" class=\"yoast-schema-graph\">{\"@context\":\"https:\\\/\\\/schema.org\",\"@graph\":[{\"@type\":\"WebPage\",\"@id\":\"https:\\\/\\\/ihansik.cz\\\/en\\\/voucher\\\/\",\"url\":\"https:\\\/\\\/ihansik.cz\\\/en\\\/voucher\\\/\",\"name\":\"D\u00e1rkov\u00fd poukaz do restaurace Praha | Korejsk\u00fd Hansik voucher\",\"isPartOf\":{\"@id\":\"https:\\\/\\\/ihansik.cz\\\/en\\\/#website\"},\"primaryImageOfPage\":{\"@id\":\"https:\\\/\\\/ihansik.cz\\\/en\\\/voucher\\\/#primaryimage\"},\"image\":{\"@id\":\"https:\\\/\\\/ihansik.cz\\\/en\\\/voucher\\\/#primaryimage\"},\"thumbnailUrl\":\"https:\\\/\\\/ihansik.cz\\\/wp-content\\\/uploads\\\/2025\\\/11\\\/hansik-restaurant-10.jpg\",\"datePublished\":\"2025-11-12T09:32:10+00:00\",\"dateModified\":\"2026-04-10T08:36:29+00:00\",\"description\":\"D\u00e1rkov\u00fd poukaz do korejsk\u00e9 restaurace Hansik v Praze s platnost\u00ed 12 m\u011bs\u00edc\u016f ... Voucher do restaurace Praha pro p\u00e1ry, rodinu i firemn\u00ed partnery ... Snadn\u00e9 darov\u00e1n\u00ed i rezervace, autentick\u00fd z\u00e1\u017eitek Korean BBQ.\",\"breadcrumb\":{\"@id\":\"https:\\\/\\\/ihansik.cz\\\/en\\\/voucher\\\/#breadcrumb\"},\"inLanguage\":\"en-US\",\"potentialAction\":[{\"@type\":\"ReadAction\",\"target\":[\"https:\\\/\\\/ihansik.cz\\\/en\\\/voucher\\\/\"]}]},{\"@type\":\"ImageObject\",\"inLanguage\":\"en-US\",\"@id\":\"https:\\\/\\\/ihansik.cz\\\/en\\\/voucher\\\/#primaryimage\",\"url\":\"https:\\\/\\\/ihansik.cz\\\/wp-content\\\/uploads\\\/2025\\\/11\\\/hansik-restaurant-10.jpg\",\"contentUrl\":\"https:\\\/\\\/ihansik.cz\\\/wp-content\\\/uploads\\\/2025\\\/11\\\/hansik-restaurant-10.jpg\",\"width\":1920,\"height\":1280,\"caption\":\"Hansik Restaurant\"},{\"@type\":\"BreadcrumbList\",\"@id\":\"https:\\\/\\\/ihansik.cz\\\/en\\\/voucher\\\/#breadcrumb\",\"itemListElement\":[{\"@type\":\"ListItem\",\"position\":1,\"name\":\"Dom\u016f\",\"item\":\"https:\\\/\\\/ihansik.cz\\\/en\\\/\"},{\"@type\":\"ListItem\",\"position\":2,\"name\":\"Voucher\"}]},{\"@type\":\"WebSite\",\"@id\":\"https:\\\/\\\/ihansik.cz\\\/en\\\/#website\",\"url\":\"https:\\\/\\\/ihansik.cz\\\/en\\\/\",\"name\":\"han.sik\",\"description\":\"Authentic Korean and Japanese cuisine with a modern dining experience.\",\"potentialAction\":[{\"@type\":\"SearchAction\",\"target\":{\"@type\":\"EntryPoint\",\"urlTemplate\":\"https:\\\/\\\/ihansik.cz\\\/en\\\/?s={search_term_string}\"},\"query-input\":{\"@type\":\"PropertyValueSpecification\",\"valueRequired\":true,\"valueName\":\"search_term_string\"}}],\"inLanguage\":\"en-US\"}]}<\/script>\n<!-- \/ Yoast SEO plugin. -->","yoast_head_json":{"title":"D\u00e1rkov\u00fd poukaz do restaurace Praha | Korejsk\u00fd Hansik voucher","description":"D\u00e1rkov\u00fd poukaz do korejsk\u00e9 restaurace Hansik v Praze s platnost\u00ed 12 m\u011bs\u00edc\u016f ... Voucher do restaurace Praha pro p\u00e1ry, rodinu i firemn\u00ed partnery ... Snadn\u00e9 darov\u00e1n\u00ed i rezervace, autentick\u00fd z\u00e1\u017eitek Korean BBQ.","robots":{"index":"index","follow":"follow","max-snippet":"max-snippet:-1","max-image-preview":"max-image-preview:large","max-video-preview":"max-video-preview:-1"},"canonical":"https:\/\/ihansik.cz\/en\/voucher\/","og_locale":"en_US","og_type":"article","og_title":"D\u00e1rkov\u00fd poukaz do restaurace Praha | Korejsk\u00fd Hansik voucher","og_description":"D\u00e1rkov\u00fd poukaz do korejsk\u00e9 restaurace Hansik v Praze s platnost\u00ed 12 m\u011bs\u00edc\u016f ... Voucher do restaurace Praha pro p\u00e1ry, rodinu i firemn\u00ed partnery ... Snadn\u00e9 darov\u00e1n\u00ed i rezervace, autentick\u00fd z\u00e1\u017eitek Korean BBQ.","og_url":"https:\/\/ihansik.cz\/en\/voucher\/","og_site_name":"han.sik","article_modified_time":"2026-04-10T08:36:29+00:00","og_image":[{"width":1920,"height":1280,"url":"https:\/\/ihansik.cz\/wp-content\/uploads\/2025\/11\/hansik-restaurant-10.jpg","type":"image\/jpeg"}],"twitter_card":"summary_large_image","twitter_title":"D\u00e1rkov\u00fd poukaz do restaurace Praha | Korejsk\u00fd Hansik voucher","twitter_description":"D\u00e1rkov\u00fd poukaz do korejsk\u00e9 restaurace Hansik v Praze s platnost\u00ed 12 m\u011bs\u00edc\u016f ... Voucher do restaurace Praha pro p\u00e1ry, rodinu i firemn\u00ed partnery ... Snadn\u00e9 darov\u00e1n\u00ed i rezervace, autentick\u00fd z\u00e1\u017eitek Korean BBQ.","twitter_misc":{"Est. reading time":"1 minute"},"schema":{"@context":"https:\/\/schema.org","@graph":[{"@type":"WebPage","@id":"https:\/\/ihansik.cz\/en\/voucher\/","url":"https:\/\/ihansik.cz\/en\/voucher\/","name":"D\u00e1rkov\u00fd poukaz do restaurace Praha | Korejsk\u00fd Hansik voucher","isPartOf":{"@id":"https:\/\/ihansik.cz\/en\/#website"},"primaryImageOfPage":{"@id":"https:\/\/ihansik.cz\/en\/voucher\/#primaryimage"},"image":{"@id":"https:\/\/ihansik.cz\/en\/voucher\/#primaryimage"},"thumbnailUrl":"https:\/\/ihansik.cz\/wp-content\/uploads\/2025\/11\/hansik-restaurant-10.jpg","datePublished":"2025-11-12T09:32:10+00:00","dateModified":"2026-04-10T08:36:29+00:00","description":"D\u00e1rkov\u00fd poukaz do korejsk\u00e9 restaurace Hansik v Praze s platnost\u00ed 12 m\u011bs\u00edc\u016f ... Voucher do restaurace Praha pro p\u00e1ry, rodinu i firemn\u00ed partnery ... Snadn\u00e9 darov\u00e1n\u00ed i rezervace, autentick\u00fd z\u00e1\u017eitek Korean BBQ.","breadcrumb":{"@id":"https:\/\/ihansik.cz\/en\/voucher\/#breadcrumb"},"inLanguage":"en-US","potentialAction":[{"@type":"ReadAction","target":["https:\/\/ihansik.cz\/en\/voucher\/"]}]},{"@type":"ImageObject","inLanguage":"en-US","@id":"https:\/\/ihansik.cz\/en\/voucher\/#primaryimage","url":"https:\/\/ihansik.cz\/wp-content\/uploads\/2025\/11\/hansik-restaurant-10.jpg","contentUrl":"https:\/\/ihansik.cz\/wp-content\/uploads\/2025\/11\/hansik-restaurant-10.jpg","width":1920,"height":1280,"caption":"Hansik Restaurant"},{"@type":"BreadcrumbList","@id":"https:\/\/ihansik.cz\/en\/voucher\/#breadcrumb","itemListElement":[{"@type":"ListItem","position":1,"name":"Dom\u016f","item":"https:\/\/ihansik.cz\/en\/"},{"@type":"ListItem","position":2,"name":"Voucher"}]},{"@type":"WebSite","@id":"https:\/\/ihansik.cz\/en\/#website","url":"https:\/\/ihansik.cz\/en\/","name":"han.sik","description":"Authentic Korean and Japanese cuisine with a modern dining experience.","potentialAction":[{"@type":"SearchAction","target":{"@type":"EntryPoint","urlTemplate":"https:\/\/ihansik.cz\/en\/?s={search_term_string}"},"query-input":{"@type":"PropertyValueSpecification","valueRequired":true,"valueName":"search_term_string"}}],"inLanguage":"en-US"}]}},"_links":{"self":[{"href":"https:\/\/ihansik.cz\/en\/wp-json\/wp\/v2\/pages\/80","targetHints":{"allow":["GET"]}}],"collection":[{"href":"https:\/\/ihansik.cz\/en\/wp-json\/wp\/v2\/pages"}],"about":[{"href":"https:\/\/ihansik.cz\/en\/wp-json\/wp\/v2\/types\/page"}],"author":[{"embeddable":true,"href":"https:\/\/ihansik.cz\/en\/wp-json\/wp\/v2\/users\/1"}],"replies":[{"embeddable":true,"href":"https:\/\/ihansik.cz\/en\/wp-json\/wp\/v2\/comments?post=80"}],"version-history":[{"count":13,"href":"https:\/\/ihansik.cz\/en\/wp-json\/wp\/v2\/pages\/80\/revisions"}],"predecessor-version":[{"id":159,"href":"https:\/\/ihansik.cz\/en\/wp-json\/wp\/v2\/pages\/80\/revisions\/159"}],"wp:featuredmedia":[{"embeddable":true,"href":"https:\/\/ihansik.cz\/en\/wp-json\/wp\/v2\/media\/131"}],"wp:attachment":[{"href":"https:\/\/ihansik.cz\/en\/wp-json\/wp\/v2\/media?parent=80"}],"curies":[{"name":"wp","href":"https:\/\/api.w.org\/{rel}","templated":true}]}}